{"id":727,"date":"2024-10-02T23:27:58","date_gmt":"2024-10-02T20:27:58","guid":{"rendered":"https:\/\/birdurus.com.tr\/mesaj\/?page_id=727"},"modified":"2024-10-13T21:30:56","modified_gmt":"2024-10-13T18:30:56","slug":"24-saatte-24-dakika-kuran-etkinligi","status":"publish","type":"page","link":"https:\/\/birdurus.com.tr\/mesaj\/24-saatte-24-dakika-kuran-etkinligi\/","title":{"rendered":"&#8217;24 Saatte 24 Dakika&#8217; Kur&#8217;an Uygulamas\u0131"},"content":{"rendered":"\n<figure class=\"wp-block-image aligncenter size-full is-resized\"><img data-recalc-dims=\"1\" loading=\"lazy\" decoding=\"async\" width=\"634\" height=\"435\" src=\"https:\/\/i0.wp.com\/birdurus.com.tr\/mesaj\/wp-content\/uploads\/2024\/10\/image-5.png?resize=634%2C435&#038;ssl=1\" alt=\"\" class=\"wp-image-931\" style=\"width:449px;height:auto\" srcset=\"https:\/\/i0.wp.com\/birdurus.com.tr\/mesaj\/wp-content\/uploads\/2024\/10\/image-5.png?w=634&amp;ssl=1 634w, https:\/\/i0.wp.com\/birdurus.com.tr\/mesaj\/wp-content\/uploads\/2024\/10\/image-5.png?resize=300%2C206&amp;ssl=1 300w\" sizes=\"auto, (max-width: 634px) 100vw, 634px\" \/><\/figure>\n\n\n\n<p class=\"has-white-color has-vivid-red-background-color has-text-color has-background has-link-color has-x-small-font-size wp-elements-9dc97b8d665555add54459cc1008948f\">G\u00fcndelik hayat\u0131n \u00e7ok yo\u011fun, derslerin, i\u015fin, mesain \u00e7ok yo\u011fun b\u00fcy\u00fck ihtimalle. Zaman sana yetmiyor, Kur&#8217;an okumaya \u00e7o\u011fu kez zaman ay\u0131ram\u0131yorsun!. \u015eimdi seninle s\u00f6z Kur&#8217;an&#8217;dan a\u00e7\u0131lm\u0131\u015fken 24 saati bize veren Rabbimize en az\u0131ndan 24 dakika Kur&#8217;an okumak i\u00e7in ay\u0131rmaktan bahsedece\u011fiz. G\u00fcn\u00fcn\u00fcn sadece %1,6&#8217;s\u0131 ediyor 24 dakika, 24 dakika da 24 kadar ayet okuyup \u00fczerinde d\u00fc\u015f\u00fcnebiliriz. Ne dersin?<\/p>\n\n\n\n<p class=\"has-white-color has-vivid-red-background-color has-text-color has-background has-link-color has-x-small-font-size wp-elements-0804e9b3b9c954166f77105a2b08c634\">Her g\u00fcn 24 dakika Kur&#8217;an&#8217;a ay\u0131rarak &#8216;Bismillah&#8217; diyelim, kim bilir belki yar\u0131n bu s\u00fcre artar \ud83d\ude09 <br>Senin i\u00e7in &#8220;Kur&#8217;an, Benim Mesaj\u0131m&#8221; uygulamas\u0131 olu\u015fturduk. Sende kay\u0131t olu\u015fturarak her g\u00fcn Okunmam\u0131\u015f Mesajlar\u0131n\u0131 okuyabilirsin \ud83d\ude09<\/p>\n\n\n\n<p class=\"has-vivid-green-cyan-background-color has-background has-x-small-font-size\">&#8220;<strong>Kur&#8217;an; Benim Mesaj\u0131m<\/strong>&#8221; uygulamas\u0131 <a href=\"https:\/\/birdurus.com.tr\/kuran\/kayit.php\" target=\"_blank\" rel=\"noreferrer noopener\"><strong>Kay\u0131t Linki<\/strong><\/a> ( Okunmam\u0131\u015f Mesajlar\u0131na Al\u0131\u015fkanl\u0131k kazan!)<\/p>\n\n\n\n<p class=\"has-vivid-green-cyan-background-color has-background has-x-small-font-size\"><strong>&#8220;Kur&#8217;an; Benim Mesaj\u0131m<\/strong>&#8221; uygulamas\u0131 <a href=\"https:\/\/birdurus.com.tr\/kuran\/\" data-type=\"link\" data-id=\"https:\/\/birdurus.com.tr\/kuran\/\" target=\"_blank\" rel=\"noreferrer noopener\"><strong>Kullan\u0131c\u0131 Giri\u015f Linki<\/strong><\/a><\/p>\n\n\n\n<p class=\"has-luminous-vivid-amber-background-color has-background has-x-small-font-size\"><a href=\"https:\/\/birdurusnamaz.com.tr\/namaz\/uye_ol.php\"><strong>Dijital Namaz A\u011fac\u0131 Kay\u0131t Linki<\/strong><\/a> (K\u0131ld\u0131\u011f\u0131n namazlar\u0131 dijital olarak takip edebilece\u011fin, al\u0131\u015fkanl\u0131k kazanaca\u011f\u0131n Namaz A\u011fac\u0131 uygulamas\u0131)<\/p>\n\n\n\n<p class=\"has-luminous-vivid-amber-background-color has-background has-x-small-font-size\"><a href=\"https:\/\/birdurusnamaz.com.tr\/namaz\"><strong>Dijital Namaz A\u011fac\u0131 Kullan\u0131c\u0131 Giri\u015f Ekran\u0131<\/strong><\/a><\/p>\n","protected":false},"excerpt":{"rendered":"<p>G\u00fcndelik hayat\u0131n \u00e7ok yo\u011fun, derslerin, i\u015fin, mesain \u00e7ok yo\u011fun b\u00fcy\u00fck ihtimalle. Zaman sana yetmiyor, Kur&#8217;an okumaya \u00e7o\u011fu kez zaman ay\u0131ram\u0131yorsun!. \u015eimdi seninle s\u00f6z Kur&#8217;an&#8217;dan a\u00e7\u0131lm\u0131\u015fken 24 saati bize veren Rabbimize en az\u0131ndan 24 dakika Kur&#8217;an okumak i\u00e7in ay\u0131rmaktan bahsedece\u011fiz. G\u00fcn\u00fcn\u00fcn sadece %1,6&#8217;s\u0131 ediyor 24 dakika, 24 dakika da 24 kadar ayet okuyup \u00fczerinde d\u00fc\u015f\u00fcnebiliriz. Ne [&hellip;]<\/p>\n","protected":false},"author":1,"featured_media":0,"parent":0,"menu_order":0,"comment_status":"closed","ping_status":"closed","template":"","meta":{"footnotes":""},"class_list":["post-727","page","type-page","status-publish","hentry"],"jetpack_sharing_enabled":true,"_links":{"self":[{"href":"https:\/\/birdurus.com.tr\/mesaj\/wp-json\/wp\/v2\/pages\/727","targetHints":{"allow":["GET"]}}],"collection":[{"href":"https:\/\/birdurus.com.tr\/mesaj\/wp-json\/wp\/v2\/pages"}],"about":[{"href":"https:\/\/birdurus.com.tr\/mesaj\/wp-json\/wp\/v2\/types\/page"}],"author":[{"embeddable":true,"href":"https:\/\/birdurus.com.tr\/mesaj\/wp-json\/wp\/v2\/users\/1"}],"replies":[{"embeddable":true,"href":"https:\/\/birdurus.com.tr\/mesaj\/wp-json\/wp\/v2\/comments?post=727"}],"version-history":[{"count":10,"href":"https:\/\/birdurus.com.tr\/mesaj\/wp-json\/wp\/v2\/pages\/727\/revisions"}],"predecessor-version":[{"id":932,"href":"https:\/\/birdurus.com.tr\/mesaj\/wp-json\/wp\/v2\/pages\/727\/revisions\/932"}],"wp:attachment":[{"href":"https:\/\/birdurus.com.tr\/mesaj\/wp-json\/wp\/v2\/media?parent=727"}],"curies":[{"name":"wp","href":"https:\/\/api.w.org\/{rel}","templated":true}]}}