{"id":46,"date":"2023-09-23T10:40:01","date_gmt":"2023-09-23T10:40:01","guid":{"rendered":"https:\/\/birdurus.com.tr\/mesaj\/?page_id=46"},"modified":"2024-10-16T18:11:14","modified_gmt":"2024-10-16T15:11:14","slug":"uygulama-illeri","status":"publish","type":"page","link":"https:\/\/birdurus.com.tr\/mesaj\/uygulama-illeri\/","title":{"rendered":"Uygulama \u0130lleri"},"content":{"rendered":"\n<div class=\"wp-block-columns is-layout-flex wp-container-core-columns-is-layout-28f84493 wp-block-columns-is-layout-flex\">\n<div class=\"wp-block-column is-layout-flow wp-block-column-is-layout-flow\" style=\"flex-basis:100%\"><\/div>\n<\/div>\n\n\n\n<p>\u0130linizde uygulamak i\u00e7in bizimle DM&#8217;den ileti\u015fime ge\u00e7ebilirsiniz. <\/p>\n\n\n\n<p>Giresun <\/p>\n\n\n\n<p>Mu\u011fla &#8211; Marmaris<\/p>\n\n\n\n<p>\u015eanl\u0131urfa &#8211; Hilvan<\/p>\n\n\n\n<p><\/p>\n\n\n\n<p><\/p>\n","protected":false},"excerpt":{"rendered":"<p>\u0130linizde uygulamak i\u00e7in bizimle DM&#8217;den ileti\u015fime ge\u00e7ebilirsiniz. Giresun Mu\u011fla &#8211; Marmaris \u015eanl\u0131urfa &#8211; Hilvan<\/p>\n","protected":false},"author":1,"featured_media":0,"parent":0,"menu_order":0,"comment_status":"closed","ping_status":"closed","template":"","meta":{"footnotes":""},"class_list":["post-46","page","type-page","status-publish","hentry"],"jetpack_sharing_enabled":true,"_links":{"self":[{"href":"https:\/\/birdurus.com.tr\/mesaj\/wp-json\/wp\/v2\/pages\/46","targetHints":{"allow":["GET"]}}],"collection":[{"href":"https:\/\/birdurus.com.tr\/mesaj\/wp-json\/wp\/v2\/pages"}],"about":[{"href":"https:\/\/birdurus.com.tr\/mesaj\/wp-json\/wp\/v2\/types\/page"}],"author":[{"embeddable":true,"href":"https:\/\/birdurus.com.tr\/mesaj\/wp-json\/wp\/v2\/users\/1"}],"replies":[{"embeddable":true,"href":"https:\/\/birdurus.com.tr\/mesaj\/wp-json\/wp\/v2\/comments?post=46"}],"version-history":[{"count":19,"href":"https:\/\/birdurus.com.tr\/mesaj\/wp-json\/wp\/v2\/pages\/46\/revisions"}],"predecessor-version":[{"id":954,"href":"https:\/\/birdurus.com.tr\/mesaj\/wp-json\/wp\/v2\/pages\/46\/revisions\/954"}],"wp:attachment":[{"href":"https:\/\/birdurus.com.tr\/mesaj\/wp-json\/wp\/v2\/media?parent=46"}],"curies":[{"name":"wp","href":"https:\/\/api.w.org\/{rel}","templated":true}]}}