{"id":2,"date":"2023-09-23T08:34:16","date_gmt":"2023-09-23T05:34:16","guid":{"rendered":"http:\/\/birdurusnamaz.com.tr\/?page_id=2"},"modified":"2024-10-19T01:22:22","modified_gmt":"2024-10-18T22:22:22","slug":"hakkinda","status":"publish","type":"page","link":"https:\/\/birdurus.com.tr\/mesaj\/hakkinda\/","title":{"rendered":"Hakk\u0131nda"},"content":{"rendered":"\n<figure class=\"wp-block-embed is-type-video is-provider-youtube wp-block-embed-youtube wp-embed-aspect-16-9 wp-has-aspect-ratio\"><div class=\"wp-block-embed__wrapper\">\n<iframe loading=\"lazy\" title=\"Bir Duru\u015f Mesaj Tan\u0131t\u0131m Videosu\" width=\"500\" height=\"281\" src=\"https:\/\/www.youtube.com\/embed\/0QOGwRjBjNU?feature=oembed\" frameborder=\"0\" allow=\"accelerometer; autoplay; clipboard-write; encrypted-media; gyroscope; picture-in-picture; web-share\" referrerpolicy=\"strict-origin-when-cross-origin\" allowfullscreen><\/iframe>\n<\/div><\/figure>\n\n\n\n<p class=\"has-x-small-font-size\"><br><strong>Neden Bir Duru\u015f Mesaj?<\/strong><\/p>\n\n\n\n<p class=\"has-x-small-font-size\"><strong><em>Allah&#8217;\u0131n, Peygamberimiz Hz. Muhammed SAV&#8217;in vesilesi ile insanl\u0131\u011fa g\u00f6nderdi\u011fi en b\u00fcy\u00fck mesaj, Hayat kitab\u0131m\u0131z, kullanma k\u0131lavuzumuz, yol arkada\u015f\u0131m\u0131z, yolda\u015f\u0131m\u0131z\u2026<\/em><\/strong><\/p>\n\n\n\n<p class=\"has-x-small-font-size\"><strong><em>D\u00fc\u015ft\u00fc\u011f\u00fcnde insan\u0131 kald\u0131ran, y\u00fcr\u00fcrken insana enerji veren yegane huzur kayna\u011f\u0131. Kalplerin huzur buldu\u011fu s\u00f6zlerin kitab\u0131.<\/em><\/strong><\/p>\n\n\n\n<p class=\"has-x-small-font-size\">Ya\u015fad\u0131\u011f\u0131m\u0131z son \u00e7a\u011fda 365 g\u00fcn\u00fc a\u015fk\u0131n s\u00fcredir Gazze&#8217;de yap\u0131lan soyk\u0131r\u0131ma kar\u015f\u0131 d\u00fcnyan\u0131n ve insanl\u0131\u011f\u0131n tutumunu g\u00f6zler \u00f6n\u00fcnde serdi\u011fimizde bir kez daha insanl\u0131\u011f\u0131n Kur&#8217;an\u2019a ciddi anlamda ihtiyac\u0131 oldu\u011fu, Kur&#8217;an&#8217;dan ve ilkelerinden son derece uzak oldu\u011fu apa\u00e7\u0131k ortadad\u0131r.<\/p>\n\n\n\n<p class=\"has-x-small-font-size\">Bug\u00fcn Kur&#8217;an&#8217;a s\u0131ms\u0131k\u0131 sar\u0131lanlar\u0131n ve Kur&#8217;an i\u00e7in m\u00fccadele edenleri Gazze&#8217;de izlerken as\u0131l Gazze d\u0131\u015f\u0131ndaki m\u00fcsl\u00fcmanlar\u0131n ac\u0131nacak halde oldu\u011funu g\u00f6r\u00fcyoruz. 9 ya\u015f\u0131ndaki Gazzeli bir \u00e7ocu\u011fun mescitleri y\u0131k\u0131ld\u0131ktan sonra <em>&#8220;Biz \u015fimdi namazlar\u0131m\u0131z\u0131 nerede k\u0131laca\u011f\u0131z&#8221;<\/em> diyerek a\u011flamas\u0131, yine 5 ya\u015f\u0131ndaki bir \u00e7ocu\u011fun anne-baba diye a\u011flamas\u0131 yerine <em>\u2018Allah\u2019<\/em> diye a\u011flamas\u0131 Kur&#8217;an&#8217;\u0131n ve inanc\u0131n 5 ya\u015f\u0131ndaki \u00e7ocu\u011fun g\u00f6nl\u00fcne ilmek ilmek i\u015fledi\u011finin g\u00f6stergesidir.<\/p>\n\n\n\n<p class=\"has-x-small-font-size\">Kur&#8217;an, belki de sadece Gazzelilerin en \u00e7ok anlad\u0131\u011f\u0131, anlad\u0131\u011f\u0131 i\u00e7in ya\u015fad\u0131\u011f\u0131 bir kitap. Geldi\u011fimiz son noktada ba\u015fta 1,5 milyar \u0130slam alemi dedi\u011fimiz bizlerin Kur&#8217;an&#8217;\u0131 \u00e7ok iyi anlamak ve kan\u0131ksamam\u0131z gerekti\u011fini g\u00f6rmekteyiz.<\/p>\n\n\n\n<p class=\"has-x-small-font-size\"><strong>Bug\u00fcn Bir Duru\u015f Mesaj Projesi ile t\u0131p ki bir \u00f6nceki projemiz olan Bir Duru\u015f Namaz&#8217;daki gibi Kur&#8217;an&#8217;\u0131 g\u00f6zlerimizin \u00f6n\u00fcne getirmek i\u00e7in \u00e7aba g\u00f6sterece\u011fiz. Y\u00fcr\u00fcd\u00fc\u011f\u00fcm\u00fcz caddede, oturdu\u011fumuz kafede, her yere Kur&#8217;an&#8217;\u0131 ve mesaj\u0131n\u0131 hat\u0131rlatacak notlar yerle\u015ftirmeyi hedefliyoruz. Bununla birlikte bu mesajlar\u0131 g\u00f6ren herkesi &#8220;24 saatte 24 Dakika Kuran&#8221; Etkinli\u011fi ile en az g\u00fcn\u00fcn 24 dakikas\u0131n\u0131 Kur&#8217;an&#8217;a ay\u0131rmaya (Allah\u2019\u0131n mesajlar\u0131na) davet edece\u011fiz. Bizlere her g\u00fcn 24 saat veren Rabbimizin bize g\u00f6nderdi\u011fi hayat kitab\u0131 i\u00e7in minimum 24 dakika ay\u0131rarak &#8220;Kur&#8217;an bana ne diyor?&#8221; \u2018u okumaya, d\u00fc\u015f\u00fcnmeye ve ya\u015fatmaya te\u015fvik edece\u011fiz.<\/strong><\/p>\n\n\n\n<p class=\"has-x-small-font-size\">Bu vesile ile Kur&#8217;an&#8217;\u0131 anlaman\u0131n ne kadar k\u0131ymetli oldu\u011fu bu \u00e7a\u011fda, Allah&#8217;\u0131n bize g\u00f6nderdi\u011fi bu mesajlar\u0131 en g\u00fczel \u015fekilde okuyup, anlayan, anlad\u0131\u011f\u0131n\u0131 ya\u015fayan bir topluma katk\u0131 sa\u011flayan proje olmas\u0131n\u0131 diliyoruz.<\/p>\n\n\n\n<p class=\"has-x-small-font-size\">Biz inan\u0131yoruz ki toplumsal olarak ideal d\u00fczene ula\u015fmak i\u00e7in Namaz ve Kur&#8217;an ba\u011f\u0131ml\u0131l\u0131\u011f\u0131 kazanmak zorunday\u0131z. Ba\u011fl\u0131l\u0131\u011f\u0131 ve ba\u011f\u0131ml\u0131l\u0131\u011f\u0131 Rabbine olan nesiller i\u00e7in gayret edenlerden olmak dile\u011fiyle.<\/p>\n\n\n\n<p class=\"has-x-small-font-size\">Bu Vesile ile Bir Duru\u015f Mesaj Projemizin il\u00e7emize, ilimize ve \u00fclkemize hay\u0131rlar getirmesini diliyorum.&nbsp;<\/p>\n\n\n\n<p><\/p>\n\n\n\n<p class=\"has-small-font-size\"><strong>B\u0130R DURU\u015e PLATFORMU<br>Bir Duru\u015f Mesaj Genel Koordinat\u00f6rl\u00fc\u011f\u00fc<\/strong><\/p>\n","protected":false},"excerpt":{"rendered":"<p>Neden Bir Duru\u015f Mesaj? Allah&#8217;\u0131n, Peygamberimiz Hz. Muhammed SAV&#8217;in vesilesi ile insanl\u0131\u011fa g\u00f6nderdi\u011fi en b\u00fcy\u00fck mesaj, Hayat kitab\u0131m\u0131z, kullanma k\u0131lavuzumuz, yol arkada\u015f\u0131m\u0131z, yolda\u015f\u0131m\u0131z\u2026 D\u00fc\u015ft\u00fc\u011f\u00fcnde insan\u0131 kald\u0131ran, y\u00fcr\u00fcrken insana enerji veren yegane huzur kayna\u011f\u0131. Kalplerin huzur buldu\u011fu s\u00f6zlerin kitab\u0131. Ya\u015fad\u0131\u011f\u0131m\u0131z son \u00e7a\u011fda 365 g\u00fcn\u00fc a\u015fk\u0131n s\u00fcredir Gazze&#8217;de yap\u0131lan soyk\u0131r\u0131ma kar\u015f\u0131 d\u00fcnyan\u0131n ve insanl\u0131\u011f\u0131n tutumunu g\u00f6zler \u00f6n\u00fcnde [&hellip;]<\/p>\n","protected":false},"author":1,"featured_media":0,"parent":0,"menu_order":0,"comment_status":"closed","ping_status":"closed","template":"","meta":{"footnotes":""},"class_list":["post-2","page","type-page","status-publish","hentry"],"jetpack_sharing_enabled":true,"_links":{"self":[{"href":"https:\/\/birdurus.com.tr\/mesaj\/wp-json\/wp\/v2\/pages\/2","targetHints":{"allow":["GET"]}}],"collection":[{"href":"https:\/\/birdurus.com.tr\/mesaj\/wp-json\/wp\/v2\/pages"}],"about":[{"href":"https:\/\/birdurus.com.tr\/mesaj\/wp-json\/wp\/v2\/types\/page"}],"author":[{"embeddable":true,"href":"https:\/\/birdurus.com.tr\/mesaj\/wp-json\/wp\/v2\/users\/1"}],"replies":[{"embeddable":true,"href":"https:\/\/birdurus.com.tr\/mesaj\/wp-json\/wp\/v2\/comments?post=2"}],"version-history":[{"count":20,"href":"https:\/\/birdurus.com.tr\/mesaj\/wp-json\/wp\/v2\/pages\/2\/revisions"}],"predecessor-version":[{"id":991,"href":"https:\/\/birdurus.com.tr\/mesaj\/wp-json\/wp\/v2\/pages\/2\/revisions\/991"}],"wp:attachment":[{"href":"https:\/\/birdurus.com.tr\/mesaj\/wp-json\/wp\/v2\/media?parent=2"}],"curies":[{"name":"wp","href":"https:\/\/api.w.org\/{rel}","templated":true}]}}