{"id":175,"date":"2023-09-27T21:23:21","date_gmt":"2023-09-27T18:23:21","guid":{"rendered":"https:\/\/birdurus.com.tr\/mesaj\/?page_id=175"},"modified":"2024-10-03T16:44:33","modified_gmt":"2024-10-03T13:44:33","slug":"hadislerle-namaz","status":"publish","type":"page","link":"https:\/\/birdurus.com.tr\/mesaj\/hadislerle-namaz\/","title":{"rendered":"Hadislerle Kur&#8217;an"},"content":{"rendered":"\n<p class=\"has-text-align-justify\"><strong>\u2013<\/strong>&nbsp;Hz. Ebu \u00dcmame (R.A), ben Ras\u00fblullah (S.A.V)\u2019i: \u201cKur\u2019an okuyunuz, \u00e7\u00fcnk\u00fc Kur\u2019an k\u0131yamet g\u00fcn\u00fcnde kendisini okuyanlara \u015fefaat\u00e7i olarak gelecektir\u201d buyururken i\u015fittim demi\u015ftir.&nbsp;<strong>(M\u00fcslim, M\u00fcsafirin 253)<\/strong><\/p>\n\n\n\n<p><strong>\u2013<\/strong>&nbsp;Hz. Nevvas ibni Sem\u2019an (R.A) \u015f\u00f6yle demi\u015ftir: Ben Ras\u00fblullah (S.A.V)\u2019i: \u201cKur\u2019an ve hayatlar\u0131n\u0131 Kur\u2019ana g\u00f6re ayarlayanlar k\u0131yamet g\u00fcn\u00fc mah\u015fer yerine getirilirler. Bu s\u0131rada Bakara ve Al-i \u0130mran sureleri kendilerini okuyup amel eden kimseler hakk\u0131nda hay\u0131rl\u0131 \u015fehadette bulunup savunabilmek i\u00e7in m\u00fccadele ederek o kimselerin \u00f6nlerine gelirler\u201d buyururken i\u015fittim.&nbsp;<strong>(M\u00fcslim, M\u00fcsafirin 253)<\/strong><\/p>\n\n\n\n<p><strong>\u2013<\/strong>&nbsp;Hz. Osman ibni Affan (R.A)\u2019dan rivayet edildi\u011fine g\u00f6re Ras\u00fblullah (S.A.V) \u015f\u00f6yle buyurdu: \u201cSizin en hay\u0131rl\u0131n\u0131z Kur\u2019an\u0131 \u00f6\u011frenen ve \u00f6\u011fretendir.\u201d<strong>&nbsp;(Buhari, Fezail\u00fcl Kur\u2019an 21)<\/strong><\/p>\n\n\n\n<p><strong>\u2013<\/strong>&nbsp;Hz. Ai\u015fe (R.Anhu)\u2019dan rivayet edildi\u011fine g\u00f6re Ras\u00fblullah (S.A.V) \u015f\u00f6yle buyurdu: \u201cKur\u2019an\u0131 gere\u011fi gibi g\u00fczel okuyan kimse Allah\u2019in peygamberlerine g\u00f6nderilen el\u00e7i itaatkar meleklerle beraberdir. Kur\u2019an\u0131 kekeleyerek zorlukla okuyan kimseye de iki kat sevap vard\u0131r.\u201d&nbsp;<strong>(Buhari, Tevhid 52, M\u00fcslim, M\u00fcsafirin 243)<\/strong><\/p>\n\n\n\n<p><strong>\u2013<\/strong>&nbsp;Hz. Ebu Musa el-E\u015f\u2019ari (R.A)\u2019dan rivayet edildi\u011fine g\u00f6re Ras\u00fblullah (S.A.V) \u015f\u00f6yle buyurdu: \u201cKur\u2019an okuyan m\u00fcmin turun\u00e7giller gibidir. Kokusu ho\u015f, tad\u0131 g\u00fczeldir. Kur\u2019an okumayan m\u00fcmin hurma gibidir. Kokusu yoktur, tad\u0131 g\u00fczeldir. Kur\u2019an okuyan m\u00fcnaf\u0131k reyhan (fesle\u011fen) gibidir. Kokusu ho\u015f fakat tad\u0131 ac\u0131d\u0131r. Kur\u2019an okumayan m\u00fcnaf\u0131k Ebu Cehil karpuzu gibidir, kokusu yoktur ve tad\u0131 da ac\u0131d\u0131r.\u201d&nbsp;<strong>(Buhari, Et\u2019\u0131me 30, M\u00fcslim, M\u00fcsafirin 243)<\/strong><\/p>\n\n\n\n<p><strong>\u2013<\/strong>&nbsp;Hz. \u00d6mer ibni Hattab (R.A)\u2019dan rivayet edildi\u011fine g\u00f6re Ras\u00fblullah (S.A.V) \u015f\u00f6yle buyurdu: \u201cAllah \u015fu Kur\u2019an\u2019la amel edip hayatlar\u0131n\u0131 onunla ayarlayan toplumlar\u0131 y\u00fckseltir. Onun izinden gitmeyip onu arkalar\u0131na atanlar\u0131 da al\u00e7alt\u0131r.\u201d<strong>&nbsp;(M\u00fcslim, M\u00fcsafirin 269)<\/strong><\/p>\n\n\n\n<p><strong>\u2013<\/strong>&nbsp;Hz. \u0130bni \u00d6mer (R.A)\u2019dan rivayet edildi\u011fine g\u00f6re Ras\u00fblullah (S.A.V) \u015f\u00f6yle buyurdu: \u201cSadece \u015fu iki kimseye imrenilebilir, onlar gibi olmak istenebilir. Veya bu iki kimseye hased edilir ve bunlardaki bu nimetin yok olmas\u0131 istenir. Biri Allah\u2019\u0131n kendisine Kur\u2019an bilgisi verdi\u011fi onunla gece g\u00fcnd\u00fcz me\u015fgul olup gere\u011fiyle amel eden kimsedir. Di\u011feri de Allah\u2019\u0131n kendisine mal verdi\u011fi ve bu mal\u0131 gece g\u00fcnd\u00fcz onun yolunda harcayan kimsedir.\u201d<strong>&nbsp;(Buhari, \u0130lim 15, M\u00fcslim, M\u00fcsafirin 266)<\/strong><\/p>\n\n\n\n<p><strong>\u2013<\/strong>&nbsp;Hz. Bera ibni Azib (R.A) \u015f\u00f6yle demi\u015ftir: Bir adam Kehf suresini okuyordu. Yan\u0131nda at\u0131 da iki iple ba\u011fl\u0131 duruyordu. Bu adam\u0131n \u00fczerine bir bulut geldi ve ona yakla\u015fmaya ba\u015flad\u0131. At\u0131 da bundan \u00fcrkt\u00fc. Sabah olunca adam Peygamber (S.A.V): \u201cO sek\u00eenedir = Rahmet ve huzurdur. Kur\u2019an okudu\u011fun i\u00e7in inmi\u015ftir\u201d buyurdu.<strong>&nbsp;(Buhari, Fezail Kur\u2019an 11, M\u00fcslim, M\u00fcsafirin 240)<\/strong><\/p>\n\n\n\n<p><strong>\u2013<\/strong>&nbsp;Hz. \u0130bni Mes\u2019ud (R.A)\u2019dan rivayet edildi\u011fine g\u00f6re Ras\u00fblullah (S.A.V) \u015f\u00f6yle buyurdu: \u201cKim Kur\u2019an-\u0131 Kerimden bir harf okursa onun i\u00e7in bir iyilik sevab\u0131 vard\u0131r. Her bir iyili\u011fin kar\u015f\u0131l\u0131\u011f\u0131 da on sevapt\u0131r. Ben size Elif, lam, mim, bir harftir demiyorum. Bilakis elif ba\u015fl\u0131 ba\u015f\u0131na bir harf, lam aynen bir harf, mim de ayr\u0131ca bir harfdir.\u201d<strong>&nbsp;(Tirmizi, Fezail\u00fcl Kur\u2019an)<\/strong><\/p>\n\n\n\n<p><strong>\u2013<\/strong>&nbsp;Hz. \u0130bni Abbas (R.A)\u2019dan rivayet edildi\u011fine g\u00f6re Ras\u00fblullah (S.A.V) \u015f\u00f6yle buyurdu: \u201cKalbinde kafas\u0131nda haf\u0131zas\u0131nda hi\u00e7bir ayet bulunmayan kimse harab olmu\u015f bir ev gibidir.\u201d<strong>&nbsp;(Tirmizi, Fezail\u00fcl Kur\u2019an 18)<\/strong><\/p>\n\n\n\n<p class=\"has-text-align-justify\"><strong>\u2013<\/strong>&nbsp;Hz. Abdullah ibni Amr ibni As (R.A)\u2019dan rivayet edildi\u011fine g\u00f6re Ras\u00fblullah (S.A.V) \u015f\u00f6yle buyurdu: \u201cKur\u2019an oku da y\u00fcksel, okudu\u011fun nisbette cennet basamaklar\u0131ndan yukar\u0131 \u00e7\u0131k. D\u00fcnyada a\u011f\u0131r a\u011f\u0131r okudu\u011fun gibi \u015fimdi de a\u011f\u0131r a\u011f\u0131r oku. \u015e\u00fcphesiz senin cennette yerle\u015fece\u011fin yer okudu\u011fun ayetin son noktas\u0131d\u0131r. Ne kadar okursan o kadar y\u00fckselirsin\u201d&nbsp;<strong>(Ebu Davud, Vitir 20, Tirmizi Fezail\u00fcl Kur\u2019an 18)<\/strong><\/p>\n","protected":false},"excerpt":{"rendered":"<p>\u2013&nbsp;Hz. Ebu \u00dcmame (R.A), ben Ras\u00fblullah (S.A.V)\u2019i: \u201cKur\u2019an okuyunuz, \u00e7\u00fcnk\u00fc Kur\u2019an k\u0131yamet g\u00fcn\u00fcnde kendisini okuyanlara \u015fefaat\u00e7i olarak gelecektir\u201d buyururken i\u015fittim demi\u015ftir.&nbsp;(M\u00fcslim, M\u00fcsafirin 253) \u2013&nbsp;Hz. Nevvas ibni Sem\u2019an (R.A) \u015f\u00f6yle demi\u015ftir: Ben Ras\u00fblullah (S.A.V)\u2019i: \u201cKur\u2019an ve hayatlar\u0131n\u0131 Kur\u2019ana g\u00f6re ayarlayanlar k\u0131yamet g\u00fcn\u00fc mah\u015fer yerine getirilirler. Bu s\u0131rada Bakara ve Al-i \u0130mran sureleri kendilerini okuyup amel eden [&hellip;]<\/p>\n","protected":false},"author":1,"featured_media":0,"parent":0,"menu_order":0,"comment_status":"closed","ping_status":"closed","template":"","meta":{"footnotes":""},"class_list":["post-175","page","type-page","status-publish","hentry"],"jetpack_sharing_enabled":true,"_links":{"self":[{"href":"https:\/\/birdurus.com.tr\/mesaj\/wp-json\/wp\/v2\/pages\/175","targetHints":{"allow":["GET"]}}],"collection":[{"href":"https:\/\/birdurus.com.tr\/mesaj\/wp-json\/wp\/v2\/pages"}],"about":[{"href":"https:\/\/birdurus.com.tr\/mesaj\/wp-json\/wp\/v2\/types\/page"}],"author":[{"embeddable":true,"href":"https:\/\/birdurus.com.tr\/mesaj\/wp-json\/wp\/v2\/users\/1"}],"replies":[{"embeddable":true,"href":"https:\/\/birdurus.com.tr\/mesaj\/wp-json\/wp\/v2\/comments?post=175"}],"version-history":[{"count":5,"href":"https:\/\/birdurus.com.tr\/mesaj\/wp-json\/wp\/v2\/pages\/175\/revisions"}],"predecessor-version":[{"id":777,"href":"https:\/\/birdurus.com.tr\/mesaj\/wp-json\/wp\/v2\/pages\/175\/revisions\/777"}],"wp:attachment":[{"href":"https:\/\/birdurus.com.tr\/mesaj\/wp-json\/wp\/v2\/media?parent=175"}],"curies":[{"name":"wp","href":"https:\/\/api.w.org\/{rel}","templated":true}]}}