{"id":149,"date":"2023-09-27T09:38:09","date_gmt":"2023-09-27T06:38:09","guid":{"rendered":"https:\/\/birdurus.com.tr\/mesaj\/?page_id=149"},"modified":"2024-10-03T16:43:16","modified_gmt":"2024-10-03T13:43:16","slug":"ayetlerle-namaz","status":"publish","type":"page","link":"https:\/\/birdurus.com.tr\/mesaj\/ayetlerle-namaz\/","title":{"rendered":"Kur&#8217;an ile ilgili ayetler"},"content":{"rendered":"\n<div class=\"wp-block-group has-global-padding is-layout-constrained wp-block-group-is-layout-constrained\">\n<h3 class=\"wp-block-heading\">AYETLER<\/h3>\n\n\n\n<div class=\"wp-block-group is-vertical is-layout-flex wp-container-core-group-is-layout-fe9cc265 wp-block-group-is-layout-flex\">\n<p><strong>\u2013<\/strong>&nbsp;\u201cG\u00fcnd\u00fcz\u00fcn g\u00fcne\u015f d\u00f6n\u00fcp gecenin karanl\u0131\u011f\u0131 bast\u0131r\u0131ncaya kadar (belli vakitlerde) namaz k\u0131l; bir de sabah namaz\u0131n\u0131. \u00c7\u00fcnk\u00fc sabah namaz\u0131 \u015fahitlidir. Gecenin bir k\u0131sm\u0131nda uyanarak, sana mahsus bir nafile olmak \u00fczere namaz k\u0131l. (B\u00f6ylece) Rabbinin, seni, \u00f6vg\u00fcye de\u011fer bir makama g\u00f6nderece\u011fini umabilirsin.\u201d&nbsp;<strong>(\u0130sr\u00e2 78, 79)<\/strong><\/p>\n\n\n\n<p><strong>\u2013<\/strong>&nbsp;\u201cO kitap (Kur\u2019\u00e2n); onda asla \u015f\u00fcphe yoktur. O, m\u00fcttak\u00eeler (sak\u0131nanlar ve ar\u0131nmak isteyenler) i\u00e7in bir yol g\u00f6stericidir.\u201d&nbsp;<strong>(Bakara 2)<\/strong><\/p>\n\n\n\n<p><strong>\u2013<\/strong>&nbsp;\u201cRamazan ay\u0131, insanlara yol g\u00f6sterici, do\u011frunun ve do\u011fruyu e\u011friden ay\u0131rman\u0131n a\u00e7\u0131k delilleri olarak Kur\u2019\u00e2n\u2019\u0131n indirildi\u011fi ayd\u0131r.\u201d&nbsp;<strong>(Bakara 185)<\/strong><\/p>\n\n\n\n<p><strong>\u2013<\/strong>&nbsp;\u201cEy insanlar! \u015e\u00fcphesiz size Rabbinizden kesin bir delil geldi ve size apa\u00e7\u0131k bir nur indirdik.\u201d&nbsp;<strong>(Nis\u00e2 174)<\/strong><\/p>\n\n\n\n<p><strong>\u2013<\/strong>&nbsp;\u201cGer\u00e7ekten size Allah\u2019tan bir nur, apa\u00e7\u0131k bir kitap geldi. R\u0131zas\u0131n\u0131 arayan\u0131 Allah onunla kurtulu\u015f yollar\u0131na g\u00f6t\u00fcr\u00fcr ve onlar\u0131 iradesiyle karanl\u0131klardan ayd\u0131nl\u0131\u011fa \u00e7\u0131kar\u0131r, dosdo\u011fru bir yola iletir.\u201d&nbsp;<strong>(M\u00e2ide 15, 16)<\/strong><\/p>\n\n\n\n<p><strong>\u2013<\/strong>&nbsp;\u201cBu (Kur\u2019\u00e2n), \u00dcmm\u00fc\u2019l-Kur\u00e2 (Mekke) ve \u00e7evresindekileri uyarman i\u00e7in sana indirdi\u011fimiz ve kendinden \u00f6ncekileri do\u011frulay\u0131c\u0131 m\u00fcbarek bir kitapt\u0131r. Ahirete inananlar buna da inan\u0131rlar ve onlar namazlar\u0131n\u0131 hakk\u0131yla k\u0131lmaya devam ederler.\u201d&nbsp;<strong>(En\u2019\u00e2m 92)<\/strong><\/p>\n\n\n\n<p><strong>\u2013<\/strong>&nbsp;\u201c\u0130\u015fte bu (Kur\u2019\u00e2n), bizim indirdi\u011fimiz m\u00fcbarek bir kitapt\u0131r. Buna uyun ve Allah\u2019tan korkun ki size merhamet edilsin.\u201d&nbsp;<strong>(En\u2019\u00e2m 155)<\/strong><\/p>\n\n\n\n<p><strong>\u2013<\/strong>&nbsp;\u201cGer\u00e7ekten onlara, inanan bir toplum i\u00e7in yol g\u00f6sterici ve rahmet olarak, ilim \u00fczere a\u00e7\u0131klad\u0131\u011f\u0131m\u0131z bir kitap getirdik.\u201d&nbsp;<strong>(A\u2019r\u00e2f 52)<\/strong><\/p>\n\n\n\n<p><strong>\u2013<\/strong>&nbsp;\u201cKitab\u2019a s\u0131ms\u0131k\u0131 sar\u0131l\u0131p namaz\u0131 dosdo\u011fru k\u0131lanlar var ya, i\u015fte biz b\u00f6yle iyili\u011fe \u00e7al\u0131\u015fanlar\u0131n ecrini zayi etmeyiz.\u201d&nbsp;<strong>(A\u2019r\u00e2f 170)<\/strong><\/p>\n\n\n\n<p><strong>\u2013<\/strong>&nbsp;\u201cKur\u2019an okundu\u011fu zaman onu dinleyin ve susun ki size merhamet edilsin.\u201d&nbsp;<strong>(Ar\u00e2f 204)<\/strong><\/p>\n\n\n\n<p><strong>\u2013<\/strong>&nbsp;\u201cEy insanlar! Size Rabbinizden bir \u00f6\u011f\u00fct, g\u00f6n\u00fcllerdekine bir \u015fifa, m\u00fcminler i\u00e7in bir hidayet ve rahmet gelmi\u015ftir. De ki: Ancak Allah\u2019\u0131n l\u00fbtfu ve rahmetiyle, i\u015fte bunlarla sevinsinler. Bu onlar\u0131n (d\u00fcnya mal\u0131 olarak) toplad\u0131klar\u0131ndan daha hay\u0131rl\u0131d\u0131r.\u201d&nbsp;<strong>(Yunus 57, 58)<\/strong><\/p>\n\n\n\n<p><strong>\u2013<\/strong>&nbsp;\u201cElif. L\u00e2m. R\u00e2. (Bu Kur\u2019an), Rablerinin izniyle insanlar\u0131 karanl\u0131klardan ayd\u0131nl\u0131\u011fa, yani her \u015feye galip (ve) \u00f6vg\u00fcye l\u00e2y\u0131k olan Allah\u2019\u0131n yoluna \u00e7\u0131karman i\u00e7in sana indirdi\u011fimiz bir kitapt\u0131r.\u201d&nbsp;<strong>(\u0130brahim 1)<\/strong><\/p>\n\n\n\n<p><strong>\u2013<\/strong>&nbsp;\u201cBiz, Kur\u2019an okundu\u011fu zaman, seninle ahirete inanmayanlar\u0131n aras\u0131na gizleyici bir \u00f6rt\u00fc \u00e7ekeriz. Ayr\u0131ca, onu anlamamalar\u0131 i\u00e7in kalplerine bir kapal\u0131l\u0131k ve kulaklar\u0131na bir a\u011f\u0131rl\u0131k veririz. Sen, Kur\u2019an\u2019da Rabbinin birli\u011fini yadetti\u011finde onlar, canlar\u0131 s\u0131k\u0131lm\u0131\u015f bir vaziyette, gerisingeri d\u00f6n\u00fcp giderler.\u201d&nbsp;<strong>(\u0130sr\u00e2 45, 46)<\/strong><\/p>\n\n\n\n<p><strong>\u2013<\/strong>&nbsp;\u201cBiz, Kur\u2019an\u2019dan \u00f6yle bir \u015fey indiriyoruz ki o, m\u00fcminler i\u00e7in \u015fifa ve rahmettir; zalimlerin ise yaln\u0131zca ziyan\u0131n\u0131 art\u0131r\u0131r.\u201d&nbsp;<strong>(\u0130sr\u00e2 82)<\/strong><\/p>\n\n\n\n<p><strong>\u2013<\/strong>&nbsp;\u201cAllah s\u00f6z\u00fcn en g\u00fczelini, birbiriyle uyumlu ve b\u0131k\u0131lmadan tekrar tekrar okunan bir kitap olarak indirdi. Rablerinden korkanlar\u0131n, bu Kitab\u2019\u0131n etkisinden t\u00fcyleri \u00fcrperir, derken hem bedenleri hem de g\u00f6n\u00fclleri Allah\u2019\u0131n zikrine \u0131s\u0131n\u0131p yumu\u015far. \u0130\u015fte bu Kitab, Allah\u2019\u0131n, diledi\u011fini kendisiyle do\u011fru yola iletti\u011fi hidayet rehberidir. Allah kimi de sapt\u0131r\u0131rsa art\u0131k ona yol g\u00f6steren olmaz.\u201d&nbsp;<strong>(Z\u00fcmer 23)<\/strong><\/p>\n\n\n\n<p><strong>\u2013<\/strong>&nbsp;\u201c\u0130\u015fte b\u00f6ylece sana da emrimizle Kur\u2019\u00e2n\u2019\u0131 vahyettik. Sen, kitap nedir, iman nedir bilmezdin. Fakat biz onu kullar\u0131m\u0131zdan diledi\u011fimizi kendisiyle do\u011fru yola eri\u015ftirdi\u011fimiz bir nur k\u0131ld\u0131k. \u015e\u00fcphesiz ki sen do\u011fru bir yolu g\u00f6stermektesin.\u201d&nbsp;<strong>(\u015e\u00fbr\u00e2 52)<\/strong><\/p>\n\n\n\n<p><strong>\u2013<\/strong>&nbsp;\u201cE\u011fer biz bu Kur\u2019an\u2019\u0131 bir da\u011fa indirseydik, muhakkak ki onu, Allah korkusundan ba\u015f e\u011ferek, par\u00e7a par\u00e7a olmu\u015f g\u00f6r\u00fcrd\u00fcn. Bu misalleri insanlara d\u00fc\u015f\u00fcns\u00fcnler diye veriyoruz.\u201d&nbsp;<strong>(Ha\u015fr 21)<\/strong><\/p>\n\n\n\n<p><strong>\u2013<\/strong>&nbsp;\u201cBiz onu (Kur\u2019an\u2019\u0131) Kadir Gecesi\u2019nde indirdik. Kadir Gecesi\u2019nin ne oldu\u011funu sen bilir misin? Kadir Gecesi bin aydan hay\u0131rl\u0131d\u0131r.\u201d&nbsp;<strong>(Kadr 1-3)<\/strong><\/p>\n\n\n\n<p><strong>\u2013<\/strong>&nbsp;\u201c\u0130\u015fte o apa\u00e7\u0131k delil Allah taraf\u0131ndan g\u00f6nderilen ve en do\u011fru h\u00fck\u00fcmleri h\u00e2v\u00ee tertemiz sahifeleri okuyan bir el\u00e7idir.\u201d&nbsp;<strong>(Beyyine 2, 3)<\/strong><\/p>\n\n\n\n<p><strong>\u2013<\/strong>&nbsp;\u201cKur\u2019an\u2019\u0131 kesinlikle biz indirdik; elbette onu yine biz koruyaca\u011f\u0131z.\u201d&nbsp;<strong>(Hicr 9)<\/strong><\/p>\n<\/div>\n<\/div>\n","protected":false},"excerpt":{"rendered":"<p>AYETLER \u2013&nbsp;\u201cG\u00fcnd\u00fcz\u00fcn g\u00fcne\u015f d\u00f6n\u00fcp gecenin karanl\u0131\u011f\u0131 bast\u0131r\u0131ncaya kadar (belli vakitlerde) namaz k\u0131l; bir de sabah namaz\u0131n\u0131. \u00c7\u00fcnk\u00fc sabah namaz\u0131 \u015fahitlidir. Gecenin bir k\u0131sm\u0131nda uyanarak, sana mahsus bir nafile olmak \u00fczere namaz k\u0131l. (B\u00f6ylece) Rabbinin, seni, \u00f6vg\u00fcye de\u011fer bir makama g\u00f6nderece\u011fini umabilirsin.\u201d&nbsp;(\u0130sr\u00e2 78, 79) \u2013&nbsp;\u201cO kitap (Kur\u2019\u00e2n); onda asla \u015f\u00fcphe yoktur. O, m\u00fcttak\u00eeler (sak\u0131nanlar ve ar\u0131nmak [&hellip;]<\/p>\n","protected":false},"author":1,"featured_media":0,"parent":0,"menu_order":0,"comment_status":"closed","ping_status":"closed","template":"","meta":{"footnotes":""},"class_list":["post-149","page","type-page","status-publish","hentry"],"jetpack_sharing_enabled":true,"_links":{"self":[{"href":"https:\/\/birdurus.com.tr\/mesaj\/wp-json\/wp\/v2\/pages\/149","targetHints":{"allow":["GET"]}}],"collection":[{"href":"https:\/\/birdurus.com.tr\/mesaj\/wp-json\/wp\/v2\/pages"}],"about":[{"href":"https:\/\/birdurus.com.tr\/mesaj\/wp-json\/wp\/v2\/types\/page"}],"author":[{"embeddable":true,"href":"https:\/\/birdurus.com.tr\/mesaj\/wp-json\/wp\/v2\/users\/1"}],"replies":[{"embeddable":true,"href":"https:\/\/birdurus.com.tr\/mesaj\/wp-json\/wp\/v2\/comments?post=149"}],"version-history":[{"count":5,"href":"https:\/\/birdurus.com.tr\/mesaj\/wp-json\/wp\/v2\/pages\/149\/revisions"}],"predecessor-version":[{"id":776,"href":"https:\/\/birdurus.com.tr\/mesaj\/wp-json\/wp\/v2\/pages\/149\/revisions\/776"}],"wp:attachment":[{"href":"https:\/\/birdurus.com.tr\/mesaj\/wp-json\/wp\/v2\/media?parent=149"}],"curies":[{"name":"wp","href":"https:\/\/api.w.org\/{rel}","templated":true}]}}